{"id":1271,"date":"2023-04-12T12:26:38","date_gmt":"2023-04-12T10:26:38","guid":{"rendered":"https:\/\/www.ingbonfiglioli.it\/unternehmen\/storia\/"},"modified":"2023-06-20T18:09:45","modified_gmt":"2023-06-20T16:09:45","slug":"geschichte","status":"publish","type":"page","link":"https:\/\/www.ingbonfiglioli.it\/de\/unternehmen\/geschichte\/","title":{"rendered":"Geschichte"},"content":{"rendered":"\n<h2 class=\"wp-block-heading\"><strong>Die Familie Bonfiglioli: <\/strong>von landwirtschaftlichen Ger\u00e4ten bis hin zu Anlagen f\u00fcr die Verarbeitung und das Recycling von Metallschrott&nbsp;<\/h2>\n\n\n\n<p>Die Familie Bonfiglioli begann in der ersten H\u00e4lfte\u202f<strong>der 30er Jahre mit der Produktion von landwirtschaftlichen Ger\u00e4ten<\/strong>\u202fund erhielt zahlreiche Patente.<\/p>\n\n\n<div class=\"wp-block-image\">\n<figure class=\"aligncenter size-large\"><img loading=\"lazy\" decoding=\"async\" width=\"1024\" height=\"576\" src=\"https:\/\/www.ingbonfiglioli.it\/wp-content\/uploads\/2023\/04\/1-1024x576.jpg\" alt=\"\" class=\"wp-image-547\" srcset=\"https:\/\/www.ingbonfiglioli.it\/wp-content\/uploads\/2023\/04\/1-1024x576.jpg 1024w, https:\/\/www.ingbonfiglioli.it\/wp-content\/uploads\/2023\/04\/1-300x169.jpg 300w, https:\/\/www.ingbonfiglioli.it\/wp-content\/uploads\/2023\/04\/1-768x432.jpg 768w, https:\/\/www.ingbonfiglioli.it\/wp-content\/uploads\/2023\/04\/1.jpg 1280w\" sizes=\"auto, (max-width: 1024px) 100vw, 1024px\" \/><\/figure>\n<\/div>\n\n\n<p>Im Laufe der Zeit hat das Unternehmen sein Gesch\u00e4ft erweitert und ausgebaut, bis es Ende der 60er und Anfang der 70er Jahre Erfolg in der Landwirtschaft hatte, als es die ersten\u202f<strong>hydraulisch betriebenen landwirtschaftlichen Ger\u00e4te<\/strong> herstellte.<\/p>\n\n\n<div class=\"wp-block-image\">\n<figure class=\"aligncenter size-large\"><img loading=\"lazy\" decoding=\"async\" width=\"673\" height=\"1024\" src=\"https:\/\/www.ingbonfiglioli.it\/wp-content\/uploads\/2023\/04\/2-673x1024.jpg\" alt=\"\" class=\"wp-image-552\" srcset=\"https:\/\/www.ingbonfiglioli.it\/wp-content\/uploads\/2023\/04\/2-673x1024.jpg 673w, https:\/\/www.ingbonfiglioli.it\/wp-content\/uploads\/2023\/04\/2-197x300.jpg 197w, https:\/\/www.ingbonfiglioli.it\/wp-content\/uploads\/2023\/04\/2-768x1169.jpg 768w, https:\/\/www.ingbonfiglioli.it\/wp-content\/uploads\/2023\/04\/2-1009x1536.jpg 1009w, https:\/\/www.ingbonfiglioli.it\/wp-content\/uploads\/2023\/04\/2-1345x2048.jpg 1345w, https:\/\/www.ingbonfiglioli.it\/wp-content\/uploads\/2023\/04\/2-scaled.jpg 1681w\" sizes=\"auto, (max-width: 673px) 100vw, 673px\" \/><\/figure>\n<\/div>\n\n\n<p><\/p>\n\n\n\n<p>In den 1970er Jahren nahm die Produktion von landwirtschaftlichen Maschinen mit der Einf\u00fchrung der ersten LKW-Krane eine andere Richtung.<\/p>\n\n\n\n<p>Diese neue Produktion nahm allm\u00e4hlich die Oberhand, bis sie Anfang der 80er Jahre die Produktion von landwirtschaftlichen Maschinen vollst\u00e4ndig ersetzte.&nbsp;<\/p>\n\n\n\n<p>Dank eines soliden Vertriebsnetzes wurden die\u202f<strong>Kr\u00e4ne\u202f<\/strong>auf verschiedenen Kontinenten verbreitet und erf\u00fcllten die Bed\u00fcrfnisse\u202f<strong>\u00f6ffentlicher und privater, ziviler und milit\u00e4rischer Kunden<\/strong>, mit einer bemerkenswerten Entwicklung auch im\u202f<strong>maritimen Sektor<\/strong>.&nbsp;<\/p>\n\n\n\n<p>Mitte der 80er Jahre f\u00fchrte das Wissen um die hochfesten St\u00e4hle, die f\u00fcr die Herstellung von\u202f<strong>Autokr\u00e4nen<\/strong>\u202fverwendet werden, zu der Idee,\u202f<strong>leistungsf\u00e4hige, leichte und leicht transportierbare Schrottverarbeitungsger\u00e4te<\/strong> zu entwickeln. So entsteht die erste\u202f<strong>transportable Schrottpresse mit abnehmbarer Vorrichtung<\/strong>, die f\u00fcr Ing. Bonfiglioli einen echten Durchbruch in der Welt\u202f<strong>der Schrottverarbeitung<\/strong> darstellt.&nbsp;<\/p>\n\n\n\n<p>Mit dem Ziel, den wachsenden Bed\u00fcrfnissen der Betreiber der Branche gerecht zu werden, entwickelt Ing. Bonfiglioli in den 90er Jahren die\u202f<strong>abnehmbaren Scheren,<\/strong> Mitte der 90er Jahre die ersten\u202f<strong>geneigten Scheren<\/strong>\u202fund die ersten\u202f<strong>Hammerm\u00fchlen<\/strong>\u202fAnfang der 2000er Jahre.&nbsp;<\/p>\n\n\n\n<p>Die Produktpalette wurde im ersten und zweiten Jahrzehnt der 2000er Jahre mit\u202f<strong>neuen Kr\u00e4nen, Scheren und Hammerm\u00fchlen<\/strong>\u202f weiter ausgebaut, um den immer vielf\u00e4ltigeren Bed\u00fcrfnissen der Marktteilnehmer gerecht zu werden.<\/p>\n\n\n<div class=\"wp-block-image\">\n<figure class=\"aligncenter size-large\"><img loading=\"lazy\" decoding=\"async\" width=\"768\" height=\"1024\" src=\"https:\/\/www.ingbonfiglioli.it\/wp-content\/uploads\/2023\/04\/8-768x1024.jpg\" alt=\"\" class=\"wp-image-557\" srcset=\"https:\/\/www.ingbonfiglioli.it\/wp-content\/uploads\/2023\/04\/8-768x1024.jpg 768w, https:\/\/www.ingbonfiglioli.it\/wp-content\/uploads\/2023\/04\/8-225x300.jpg 225w, https:\/\/www.ingbonfiglioli.it\/wp-content\/uploads\/2023\/04\/8.jpg 1020w\" sizes=\"auto, (max-width: 768px) 100vw, 768px\" \/><\/figure>\n<\/div>\n\n\n<p>Derzeit hat Ing. Bonfiglioli einen starken Ruf auf dem globalen Markt f\u00fcr Anlagen f\u00fcr die Verarbeitung und das Recycling von Metallschrott.&nbsp;<\/p>\n","protected":false},"excerpt":{"rendered":"<p>Die Familie Bonfiglioli: von landwirtschaftlichen Ger\u00e4ten bis hin zu Anlagen f\u00fcr die Verarbeitung und das Recycling von Metallschrott&nbsp; Die Familie Bonfiglioli begann in der ersten H\u00e4lfte\u202fder 30er Jahre mit der Produktion von landwirtschaftlichen Ger\u00e4ten\u202fund erhielt zahlreiche Patente. Im Laufe der Zeit hat das Unternehmen sein Gesch\u00e4ft erweitert und ausgebaut, bis es Ende der 60er und [&hellip;]<\/p>\n","protected":false},"author":6,"featured_media":0,"parent":1266,"menu_order":0,"comment_status":"closed","ping_status":"closed","template":"page-azienda.php","meta":{"_acf_changed":false,"footnotes":""},"class_list":["post-1271","page","type-page","status-publish","hentry"],"acf":[],"_links":{"self":[{"href":"https:\/\/www.ingbonfiglioli.it\/de\/wp-json\/wp\/v2\/pages\/1271","targetHints":{"allow":["GET"]}}],"collection":[{"href":"https:\/\/www.ingbonfiglioli.it\/de\/wp-json\/wp\/v2\/pages"}],"about":[{"href":"https:\/\/www.ingbonfiglioli.it\/de\/wp-json\/wp\/v2\/types\/page"}],"author":[{"embeddable":true,"href":"https:\/\/www.ingbonfiglioli.it\/de\/wp-json\/wp\/v2\/users\/6"}],"replies":[{"embeddable":true,"href":"https:\/\/www.ingbonfiglioli.it\/de\/wp-json\/wp\/v2\/comments?post=1271"}],"version-history":[{"count":3,"href":"https:\/\/www.ingbonfiglioli.it\/de\/wp-json\/wp\/v2\/pages\/1271\/revisions"}],"predecessor-version":[{"id":1702,"href":"https:\/\/www.ingbonfiglioli.it\/de\/wp-json\/wp\/v2\/pages\/1271\/revisions\/1702"}],"up":[{"embeddable":true,"href":"https:\/\/www.ingbonfiglioli.it\/de\/wp-json\/wp\/v2\/pages\/1266"}],"wp:attachment":[{"href":"https:\/\/www.ingbonfiglioli.it\/de\/wp-json\/wp\/v2\/media?parent=1271"}],"curies":[{"name":"wp","href":"https:\/\/api.w.org\/{rel}","templated":true}]}}