{"id":1172,"date":"2023-04-12T12:26:38","date_gmt":"2023-04-12T10:26:38","guid":{"rendered":"https:\/\/www.ingbonfiglioli.it\/empresa\/storia\/"},"modified":"2023-06-21T17:33:35","modified_gmt":"2023-06-21T15:33:35","slug":"historia","status":"publish","type":"page","link":"https:\/\/www.ingbonfiglioli.it\/es\/empresa\/historia\/","title":{"rendered":"Historia"},"content":{"rendered":"\n<h2 class=\"wp-block-heading\"><strong>La familia Bonfiglioli: <\/strong>de la maquinaria agr\u00edcola a los equipos de tratamiento y reciclaje de chatarra<\/h2>\n\n\n\n<p>La familia Bonfiglioli inicia la\u202f<strong>producci\u00f3n de equipos de maquinaria para la agricultura<\/strong>\u202fen la primera mitad de la d\u00e9cada de 1930 y realiza numerosas patentes.<\/p>\n\n\n<div class=\"wp-block-image\">\n<figure class=\"aligncenter size-large\"><img loading=\"lazy\" decoding=\"async\" width=\"1024\" height=\"576\" src=\"https:\/\/www.ingbonfiglioli.it\/wp-content\/uploads\/2023\/04\/1-1024x576.jpg\" alt=\"\" class=\"wp-image-547\" srcset=\"https:\/\/www.ingbonfiglioli.it\/wp-content\/uploads\/2023\/04\/1-1024x576.jpg 1024w, https:\/\/www.ingbonfiglioli.it\/wp-content\/uploads\/2023\/04\/1-300x169.jpg 300w, https:\/\/www.ingbonfiglioli.it\/wp-content\/uploads\/2023\/04\/1-768x432.jpg 768w, https:\/\/www.ingbonfiglioli.it\/wp-content\/uploads\/2023\/04\/1.jpg 1280w\" sizes=\"auto, (max-width: 1024px) 100vw, 1024px\" \/><\/figure>\n<\/div>\n\n\n<p>Con el paso del tiempo, la empresa va ampliando y desarrollando su actividad hasta alcanzar el \u00e9xito en el mundo agr\u00edcola a finales de la d\u00e9cada de 1960 y principios de los 1970, cuando realiza los primeros\u202f<strong>equipos agr\u00edcolas de accionamiento hidr\u00e1ulico<\/strong>.<\/p>\n\n\n<div class=\"wp-block-image\">\n<figure class=\"aligncenter size-large\"><img loading=\"lazy\" decoding=\"async\" width=\"673\" height=\"1024\" src=\"https:\/\/www.ingbonfiglioli.it\/wp-content\/uploads\/2023\/04\/2-673x1024.jpg\" alt=\"\" class=\"wp-image-552\" srcset=\"https:\/\/www.ingbonfiglioli.it\/wp-content\/uploads\/2023\/04\/2-673x1024.jpg 673w, https:\/\/www.ingbonfiglioli.it\/wp-content\/uploads\/2023\/04\/2-197x300.jpg 197w, https:\/\/www.ingbonfiglioli.it\/wp-content\/uploads\/2023\/04\/2-768x1169.jpg 768w, https:\/\/www.ingbonfiglioli.it\/wp-content\/uploads\/2023\/04\/2-1009x1536.jpg 1009w, https:\/\/www.ingbonfiglioli.it\/wp-content\/uploads\/2023\/04\/2-1345x2048.jpg 1345w, https:\/\/www.ingbonfiglioli.it\/wp-content\/uploads\/2023\/04\/2-scaled.jpg 1681w\" sizes=\"auto, (max-width: 673px) 100vw, 673px\" \/><\/figure>\n<\/div>\n\n\n<p><\/p>\n\n\n\n<p>En la d\u00e9cada de 1970, la producci\u00f3n de maquinaria agr\u00edcola toma una direcci\u00f3n diferente con la introducci\u00f3n de las primeras gr\u00faas para camiones.<\/p>\n\n\n\n<p>Esta nueva producci\u00f3n se va imponiendo gradualmente hasta sustituir por completo a la producci\u00f3n de maquinaria agr\u00edcola a principios de los a\u00f1os ochenta.&nbsp;<\/p>\n\n\n\n<p>Gracias a una s\u00f3lida red de distribuci\u00f3n, las\u202f<strong>gr\u00faas\u202f<\/strong>se han ido extendiendo por varios continentes para satisfacer las necesidades de\u202f<strong>clientes p\u00fablicos y privados, civiles y militares<\/strong>, con un desarrollo considerable tambi\u00e9n en el\u202f<strong>sector naval<\/strong>.&nbsp;<\/p>\n\n\n\n<p>A mediados de la d\u00e9cada de 1980, la experiencia en el \u00e1mbito de los aceros de alta resistencia utilizados en la fabricaci\u00f3n de\u202f<strong>gr\u00faas para camiones<\/strong>\u202fpermite desarrollar la idea de dise\u00f1ar\u202f<strong>equipos para el tratamiento de chatarra potentes<\/strong>, ligeros y f\u00e1ciles de transportar. As\u00ed nace la primera\u202f<strong>prensa para chatarra transportable con dispositivo de descarga<\/strong>, lo que representa un verdadero punto de inflexi\u00f3n para Ing. Bonfiglioli en el mundo del\u202f<strong>tratamiento de chatarra<\/strong>.&nbsp;<\/p>\n\n\n\n<p>Con el objetivo de satisfacer las necesidades crecientes de los operadores del sector, Ing. Bonfiglioli desarrolla durante los a\u00f1os noventa las\u202f<strong>cizallas transportables<\/strong>, a mediados de esa d\u00e9cada las primeras\u202f<strong>cizallas inclinadas<\/strong>\u202fy los primeros\u202f<strong>molinos de martillos<\/strong>\u202fa principios de los a\u00f1os 2000.&nbsp;<\/p>\n\n\n\n<p>La gama de productos se ampl\u00eda a\u00fan m\u00e1s durante la primera y la segunda d\u00e9cada de los 2000, con\u202f<strong>la incorporaci\u00f3n de nuevas gr\u00faas, cizallas y molinos de martillos<\/strong>\u202fpara satisfacer las necesidades cada vez m\u00e1s diversas de los operadores del mercado.&nbsp;<\/p>\n\n\n<div class=\"wp-block-image\">\n<figure class=\"aligncenter size-large\"><img loading=\"lazy\" decoding=\"async\" width=\"768\" height=\"1024\" src=\"https:\/\/www.ingbonfiglioli.it\/wp-content\/uploads\/2023\/04\/8-768x1024.jpg\" alt=\"\" class=\"wp-image-557\" srcset=\"https:\/\/www.ingbonfiglioli.it\/wp-content\/uploads\/2023\/04\/8-768x1024.jpg 768w, https:\/\/www.ingbonfiglioli.it\/wp-content\/uploads\/2023\/04\/8-225x300.jpg 225w, https:\/\/www.ingbonfiglioli.it\/wp-content\/uploads\/2023\/04\/8.jpg 1020w\" sizes=\"auto, (max-width: 768px) 100vw, 768px\" \/><\/figure>\n<\/div>\n\n\n<p>En la actualidad, Ing. Bonfiglioli goza de una <strong>s\u00f3lida reputaci\u00f3n<\/strong> en el mercado global de <strong>equipos de tratamiento y reciclaje de chatarra.<\/strong><\/p>\n","protected":false},"excerpt":{"rendered":"<p>La familia Bonfiglioli: de la maquinaria agr\u00edcola a los equipos de tratamiento y reciclaje de chatarra La familia Bonfiglioli inicia la\u202fproducci\u00f3n de equipos de maquinaria para la agricultura\u202fen la primera mitad de la d\u00e9cada de 1930 y realiza numerosas patentes. Con el paso del tiempo, la empresa va ampliando y desarrollando su actividad hasta alcanzar [&hellip;]<\/p>\n","protected":false},"author":6,"featured_media":0,"parent":1167,"menu_order":0,"comment_status":"closed","ping_status":"closed","template":"page-azienda.php","meta":{"_acf_changed":false,"footnotes":""},"class_list":["post-1172","page","type-page","status-publish","hentry"],"acf":[],"_links":{"self":[{"href":"https:\/\/www.ingbonfiglioli.it\/es\/wp-json\/wp\/v2\/pages\/1172","targetHints":{"allow":["GET"]}}],"collection":[{"href":"https:\/\/www.ingbonfiglioli.it\/es\/wp-json\/wp\/v2\/pages"}],"about":[{"href":"https:\/\/www.ingbonfiglioli.it\/es\/wp-json\/wp\/v2\/types\/page"}],"author":[{"embeddable":true,"href":"https:\/\/www.ingbonfiglioli.it\/es\/wp-json\/wp\/v2\/users\/6"}],"replies":[{"embeddable":true,"href":"https:\/\/www.ingbonfiglioli.it\/es\/wp-json\/wp\/v2\/comments?post=1172"}],"version-history":[{"count":2,"href":"https:\/\/www.ingbonfiglioli.it\/es\/wp-json\/wp\/v2\/pages\/1172\/revisions"}],"predecessor-version":[{"id":1175,"href":"https:\/\/www.ingbonfiglioli.it\/es\/wp-json\/wp\/v2\/pages\/1172\/revisions\/1175"}],"up":[{"embeddable":true,"href":"https:\/\/www.ingbonfiglioli.it\/es\/wp-json\/wp\/v2\/pages\/1167"}],"wp:attachment":[{"href":"https:\/\/www.ingbonfiglioli.it\/es\/wp-json\/wp\/v2\/media?parent=1172"}],"curies":[{"name":"wp","href":"https:\/\/api.w.org\/{rel}","templated":true}]}}