{"id":1322,"date":"2023-04-12T12:26:38","date_gmt":"2023-04-12T10:26:38","guid":{"rendered":"https:\/\/www.ingbonfiglioli.it\/empresa\/storia\/"},"modified":"2023-06-21T17:21:36","modified_gmt":"2023-06-21T15:21:36","slug":"historia","status":"publish","type":"page","link":"https:\/\/www.ingbonfiglioli.it\/pt-pt\/empresa\/historia\/","title":{"rendered":"Hist\u00f3ria"},"content":{"rendered":"\n<h2 class=\"wp-block-heading\"><strong>A fam\u00edlia Bonfiglioli: <\/strong>de equipamentos para a agricultura a equipamentos para tratamento e reciclagem de sucatas met\u00e1licas&nbsp;<\/h2>\n\n\n\n<p>A fam\u00edlia Bonfiglioli iniciou a\u202f<strong>produ\u00e7\u00e3o de equipamentos para a agricultura<\/strong>\u202fna primeira metade da d\u00e9cada de 1930 e obteve in\u00fameras patentes.<\/p>\n\n\n<div class=\"wp-block-image\">\n<figure class=\"aligncenter size-large\"><img loading=\"lazy\" decoding=\"async\" width=\"1024\" height=\"576\" src=\"https:\/\/www.ingbonfiglioli.it\/wp-content\/uploads\/2023\/04\/1-1024x576.jpg\" alt=\"\" class=\"wp-image-547\" srcset=\"https:\/\/www.ingbonfiglioli.it\/wp-content\/uploads\/2023\/04\/1-1024x576.jpg 1024w, https:\/\/www.ingbonfiglioli.it\/wp-content\/uploads\/2023\/04\/1-300x169.jpg 300w, https:\/\/www.ingbonfiglioli.it\/wp-content\/uploads\/2023\/04\/1-768x432.jpg 768w, https:\/\/www.ingbonfiglioli.it\/wp-content\/uploads\/2023\/04\/1.jpg 1280w\" sizes=\"auto, (max-width: 1024px) 100vw, 1024px\" \/><\/figure>\n<\/div>\n\n\n<p>Com o tempo, a empresa expandiu-se e desenvolveu a sua atividade at\u00e9 alcan\u00e7ar o sucesso no mundo agr\u00edcola no final dos anos 60 e in\u00edcio dos anos 70, quando fabricou os primeiros\u202f<strong>equipamentos agr\u00edcolas de funcionamento hidr\u00e1ulico<\/strong>.&nbsp;<\/p>\n\n\n<div class=\"wp-block-image\">\n<figure class=\"aligncenter size-large\"><img loading=\"lazy\" decoding=\"async\" width=\"673\" height=\"1024\" src=\"https:\/\/www.ingbonfiglioli.it\/wp-content\/uploads\/2023\/04\/2-673x1024.jpg\" alt=\"\" class=\"wp-image-552\" srcset=\"https:\/\/www.ingbonfiglioli.it\/wp-content\/uploads\/2023\/04\/2-673x1024.jpg 673w, https:\/\/www.ingbonfiglioli.it\/wp-content\/uploads\/2023\/04\/2-197x300.jpg 197w, https:\/\/www.ingbonfiglioli.it\/wp-content\/uploads\/2023\/04\/2-768x1169.jpg 768w, https:\/\/www.ingbonfiglioli.it\/wp-content\/uploads\/2023\/04\/2-1009x1536.jpg 1009w, https:\/\/www.ingbonfiglioli.it\/wp-content\/uploads\/2023\/04\/2-1345x2048.jpg 1345w, https:\/\/www.ingbonfiglioli.it\/wp-content\/uploads\/2023\/04\/2-scaled.jpg 1681w\" sizes=\"auto, (max-width: 673px) 100vw, 673px\" \/><\/figure>\n<\/div>\n\n\n<p><\/p>\n\n\n\n<p>Na d\u00e9cada de 70, a produ\u00e7\u00e3o de m\u00e1quinas para a agricultura tomou uma dire\u00e7\u00e3o diferente com a introdu\u00e7\u00e3o das primeiras gruas para cami\u00f5es.&nbsp;<\/p>\n\n\n\n<p>Esta nova produ\u00e7\u00e3o assumiu gradualmente a primazia, at\u00e9 que substituiu completamente a produ\u00e7\u00e3o de m\u00e1quinas agr\u00edcolas no in\u00edcio dos anos 80.&nbsp;<\/p>\n\n\n\n<p>Gra\u00e7as a uma boa rede de distribui\u00e7\u00e3o, as\u202f<strong>gruas\u202f<\/strong>foram distribu\u00eddas em v\u00e1rios continentes, satisfazendo as exig\u00eancias de\u202f<strong>clientes p\u00fablicos e privados, civis e militares<\/strong>, com um desenvolvimento not\u00e1vel tamb\u00e9m no\u202f<strong>setor mar\u00edtimo<\/strong>.&nbsp;<\/p>\n\n\n\n<p>Em meados dos anos 80, o conhecimento dos a\u00e7os de alta resist\u00eancia utilizados na produ\u00e7\u00e3o de\u202f<strong>gruas para cami\u00f5es<\/strong>\u202fpermitiu desenvolver a ideia de projetar\u202f<strong>equipamentos para o tratamento de sucatas pesadas<\/strong>, ligeiras e facilmente transport\u00e1veis. Nasceu assim a primeira\u202f<strong>prensa para sucata transport\u00e1vel com um dispositivo remov\u00edvel<\/strong>, representando um verdadeiro ponto de viragem para a Ing. Bonfiglioli no mundo do\u202f<strong>tratamento de sucatas<\/strong>.&nbsp;<\/p>\n\n\n\n<p>Com o objetivo de responder \u00e0s crescentes exig\u00eancias dos operadores do setor, no decorrer dos anos 90, a Ing. Bonfiglioli desenvolveu as\u202f<strong>cisalhas remov\u00edveis<\/strong>, em meados dos anos 90 as primeiras\u202f<strong>cisalhas inclinadas\u202f<\/strong>e os primeiros\u202f<strong>moinhos de martelos<\/strong>\u202fno in\u00edcio da d\u00e9cada de 2000.&nbsp;<\/p>\n\n\n\n<p>A gama de produtos expandiu-se ainda mais durante a primeira e segunda d\u00e9cadas dos anos 2000, com a\u202f<strong>adi\u00e7\u00e3o de novas gruas, cisalhas e moinhos de martelos<\/strong>\u202fpara satisfazer as exig\u00eancias cada vez mais variadas dos operadores do mercado.&nbsp;<\/p>\n\n\n<div class=\"wp-block-image\">\n<figure class=\"aligncenter size-large\"><img loading=\"lazy\" decoding=\"async\" width=\"768\" height=\"1024\" src=\"https:\/\/www.ingbonfiglioli.it\/wp-content\/uploads\/2023\/04\/8-768x1024.jpg\" alt=\"\" class=\"wp-image-557\" srcset=\"https:\/\/www.ingbonfiglioli.it\/wp-content\/uploads\/2023\/04\/8-768x1024.jpg 768w, https:\/\/www.ingbonfiglioli.it\/wp-content\/uploads\/2023\/04\/8-225x300.jpg 225w, https:\/\/www.ingbonfiglioli.it\/wp-content\/uploads\/2023\/04\/8.jpg 1020w\" sizes=\"auto, (max-width: 768px) 100vw, 768px\" \/><\/figure>\n<\/div>\n\n\n<p>Atualmente, a Ing. Bonfiglioli tem uma forte reputa\u00e7\u00e3o no mercado global de equipamentos para o tratamento e reciclagem de sucatas met\u00e1licas.<\/p>\n","protected":false},"excerpt":{"rendered":"<p>A fam\u00edlia Bonfiglioli: de equipamentos para a agricultura a equipamentos para tratamento e reciclagem de sucatas met\u00e1licas&nbsp; A fam\u00edlia Bonfiglioli iniciou a\u202fprodu\u00e7\u00e3o de equipamentos para a agricultura\u202fna primeira metade da d\u00e9cada de 1930 e obteve in\u00fameras patentes. Com o tempo, a empresa expandiu-se e desenvolveu a sua atividade at\u00e9 alcan\u00e7ar o sucesso no mundo agr\u00edcola [&hellip;]<\/p>\n","protected":false},"author":6,"featured_media":0,"parent":1316,"menu_order":0,"comment_status":"closed","ping_status":"closed","template":"page-azienda.php","meta":{"_acf_changed":false,"footnotes":""},"class_list":["post-1322","page","type-page","status-publish","hentry"],"acf":[],"_links":{"self":[{"href":"https:\/\/www.ingbonfiglioli.it\/pt-pt\/wp-json\/wp\/v2\/pages\/1322","targetHints":{"allow":["GET"]}}],"collection":[{"href":"https:\/\/www.ingbonfiglioli.it\/pt-pt\/wp-json\/wp\/v2\/pages"}],"about":[{"href":"https:\/\/www.ingbonfiglioli.it\/pt-pt\/wp-json\/wp\/v2\/types\/page"}],"author":[{"embeddable":true,"href":"https:\/\/www.ingbonfiglioli.it\/pt-pt\/wp-json\/wp\/v2\/users\/6"}],"replies":[{"embeddable":true,"href":"https:\/\/www.ingbonfiglioli.it\/pt-pt\/wp-json\/wp\/v2\/comments?post=1322"}],"version-history":[{"count":3,"href":"https:\/\/www.ingbonfiglioli.it\/pt-pt\/wp-json\/wp\/v2\/pages\/1322\/revisions"}],"predecessor-version":[{"id":1703,"href":"https:\/\/www.ingbonfiglioli.it\/pt-pt\/wp-json\/wp\/v2\/pages\/1322\/revisions\/1703"}],"up":[{"embeddable":true,"href":"https:\/\/www.ingbonfiglioli.it\/pt-pt\/wp-json\/wp\/v2\/pages\/1316"}],"wp:attachment":[{"href":"https:\/\/www.ingbonfiglioli.it\/pt-pt\/wp-json\/wp\/v2\/media?parent=1322"}],"curies":[{"name":"wp","href":"https:\/\/api.w.org\/{rel}","templated":true}]}}